{"id":39,"date":"2025-08-07T14:40:22","date_gmt":"2025-08-07T12:40:22","guid":{"rendered":"http:\/\/vyrile.fr\/?page_id=39"},"modified":"2025-08-07T14:40:22","modified_gmt":"2025-08-07T12:40:22","slug":"mobilier","status":"publish","type":"page","link":"https:\/\/vyrile.fr\/?page_id=39","title":{"rendered":"Mobilier"},"content":{"rendered":"\n<div class=\"wp-block-group alignfull is-layout-flow wp-block-group-is-layout-flow\">\n<div class=\"wp-block-group alignfull has-global-padding is-layout-constrained wp-block-group-is-layout-constrained\" style=\"padding-top:var(--wp--preset--spacing--50);padding-bottom:var(--wp--preset--spacing--50)\">\n<div class=\"wp-block-columns alignwide is-layout-flex wp-container-core-columns-is-layout-85b73dc4 wp-block-columns-is-layout-flex\" style=\"padding-top:var(--wp--preset--spacing--80);padding-bottom:var(--wp--preset--spacing--50)\">\n<div class=\"wp-block-column is-layout-flow wp-block-column-is-layout-flow\" style=\"flex-basis:50%\">\n<h2 class=\"wp-block-heading alignwide has-x-large-font-size\">Vyrile est un \u00e9diteur de mobilier design, r\u00e9alis\u00e9 \u00e0 la main en France. Nous proposons aussi de l&#8217;\u00e9dition sur mesure<\/h2>\n<\/div>\n\n\n\n<div class=\"wp-block-column is-layout-flow wp-block-column-is-layout-flow\" style=\"flex-basis:50%\">\n<div style=\"height:var(--wp--preset--spacing--20)\" aria-hidden=\"true\" class=\"wp-block-spacer\"><\/div>\n<\/div>\n<\/div>\n<\/div>\n<\/div>\n\n\n\n<div class=\"wp-block-group alignfull has-global-padding is-layout-constrained wp-block-group-is-layout-constrained\" style=\"margin-top:0;margin-bottom:0\">\n<div class=\"wp-block-columns alignwide is-layout-flex wp-container-core-columns-is-layout-fe97f324 wp-block-columns-is-layout-flex\">\n<div class=\"wp-block-column is-layout-flow wp-block-column-is-layout-flow\" style=\"flex-basis:66.66%\">\n<div class=\"wp-block-query is-layout-flow wp-block-query-is-layout-flow\"><ul class=\"wp-block-post-template is-layout-flow wp-block-post-template-is-layout-flow\"><li class=\"wp-block-post post-1 post type-post status-publish format-standard hentry category-non-classe\">\n\n<div class=\"wp-block-group is-layout-flow wp-container-core-group-is-layout-81d5c4b5 wp-block-group-is-layout-flow\">\n\n<h2 class=\"wp-block-post-title\"><a href=\"https:\/\/vyrile.fr\/?p=1\" target=\"_self\" >Bonjour tout le monde\u00a0!<\/a><\/h2>\n\n<div style=\"font-style:normal;font-weight:300\" class=\"taxonomy-category has-link-color wp-elements-7e25d0198db94e2785ffafdb5bb852e8 wp-block-post-terms\"><a href=\"https:\/\/vyrile.fr\/?cat=1\" rel=\"tag\">Non class\u00e9<\/a><\/div><\/div>\n\n<\/li><\/ul>\n\n<\/div>\n<\/div>\n\n\n\n<div class=\"wp-block-column is-layout-flow wp-block-column-is-layout-flow\" style=\"flex-basis:33.33%\">\n<div class=\"wp-block-query is-layout-flow wp-block-query-is-layout-flow\"><ul class=\"wp-block-post-template is-layout-flow wp-block-post-template-is-layout-flow\"><li class=\"wp-block-post post-26 post type-post status-publish format-standard has-post-thumbnail hentry category-non-classe\">\n\n<div class=\"wp-block-group is-layout-flow wp-container-core-group-is-layout-81d5c4b5 wp-block-group-is-layout-flow\">\n\n<h2 class=\"wp-block-post-title\"><a href=\"https:\/\/vyrile.fr\/?p=26\" target=\"_self\" >The story of sunflowers and their little visitors<\/a><\/h2>\n\n<div style=\"font-style:normal;font-weight:300\" class=\"taxonomy-category has-link-color wp-elements-7e25d0198db94e2785ffafdb5bb852e8 wp-block-post-terms\"><a href=\"https:\/\/vyrile.fr\/?cat=1\" rel=\"tag\">Non class\u00e9<\/a><\/div><\/div>\n\n<\/li><\/ul>\n\n<\/div>\n<\/div>\n<\/div>\n\n\n\n<div style=\"height:var(--wp--preset--spacing--30)\" aria-hidden=\"true\" class=\"wp-block-spacer\"><\/div>\n<\/div>\n\n\n\n<div class=\"wp-block-group alignfull has-global-padding is-layout-constrained wp-block-group-is-layout-constrained\" style=\"margin-top:0;margin-bottom:0\">\n<div style=\"height:var(--wp--preset--spacing--30)\" aria-hidden=\"true\" class=\"wp-block-spacer\"><\/div>\n\n\n\n<div class=\"wp-block-query alignwide is-layout-flow wp-block-query-is-layout-flow\"><ul class=\"columns-3 wp-block-post-template is-layout-grid wp-container-core-post-template-is-layout-fa38c3f2 wp-block-post-template-is-layout-grid\"><li class=\"wp-block-post post-23 post type-post status-publish format-standard has-post-thumbnail hentry category-non-classe\">\n\n<div class=\"wp-block-group is-layout-flow wp-container-core-group-is-layout-81d5c4b5 wp-block-group-is-layout-flow\">\n\n<h2 class=\"wp-block-post-title\"><a href=\"https:\/\/vyrile.fr\/?p=23\" target=\"_self\" >The delicate charm of bloodwort blooms<\/a><\/h2>\n\n<div style=\"font-style:normal;font-weight:300\" class=\"taxonomy-category has-link-color wp-elements-7e25d0198db94e2785ffafdb5bb852e8 wp-block-post-terms\"><a href=\"https:\/\/vyrile.fr\/?cat=1\" rel=\"tag\">Non class\u00e9<\/a><\/div><\/div>\n\n<\/li><\/ul>\n\n<\/div>\n\n\n\n<div style=\"height:var(--wp--preset--spacing--30)\" aria-hidden=\"true\" class=\"wp-block-spacer\"><\/div>\n<\/div>\n\n\n\n<div class=\"wp-block-group alignfull has-global-padding is-layout-constrained wp-block-group-is-layout-constrained\" style=\"margin-top:0;margin-bottom:0\">\n<div style=\"height:var(--wp--preset--spacing--30)\" aria-hidden=\"true\" class=\"wp-block-spacer\"><\/div>\n\n\n\n<div class=\"wp-block-columns alignwide is-layout-flex wp-container-core-columns-is-layout-fe97f324 wp-block-columns-is-layout-flex\">\n<div class=\"wp-block-column is-layout-flow wp-block-column-is-layout-flow\" style=\"flex-basis:33.33%\">\n<div class=\"wp-block-query is-layout-flow wp-block-query-is-layout-flow\">\n\n<div class=\"wp-block-query-no-results\">\n\n<p>D\u00e9sol\u00e9, mais rien n\u2019a \u00e9t\u00e9 trouv\u00e9. Veuillez r\u00e9essayer avec d\u2019autres mots-cl\u00e9s.<\/p>\n\n<\/div><\/div>\n<\/div>\n\n\n\n<div class=\"wp-block-column is-layout-flow wp-block-column-is-layout-flow\" style=\"flex-basis:66.66%\">\n<div class=\"wp-block-query is-layout-flow wp-block-query-is-layout-flow\">\n\n<div class=\"wp-block-query-no-results\">\n\n<p>D\u00e9sol\u00e9, mais rien n\u2019a \u00e9t\u00e9 trouv\u00e9. Veuillez r\u00e9essayer avec d\u2019autres mots-cl\u00e9s.<\/p>\n\n<\/div><\/div>\n<\/div>\n<\/div>\n\n\n\n<div style=\"height:var(--wp--preset--spacing--70)\" aria-hidden=\"true\" class=\"wp-block-spacer\"><\/div>\n\n\n\n<div class=\"wp-block-query alignwide is-layout-flow wp-block-query-is-layout-flow\">\n\n<div class=\"wp-block-query-no-results\">\n\n<p>D\u00e9sol\u00e9, mais rien n\u2019a \u00e9t\u00e9 trouv\u00e9. Veuillez r\u00e9essayer avec d\u2019autres mots-cl\u00e9s.<\/p>\n\n<\/div><\/div>\n\n\n\n<hr class=\"wp-block-separator alignfull has-alpha-channel-opacity\"\/>\n\n\n\n<div style=\"height:var(--wp--preset--spacing--30)\" aria-hidden=\"true\" class=\"wp-block-spacer\"><\/div>\n<\/div>\n\n\n\n<div class=\"wp-block-group alignfull has-global-padding is-layout-constrained wp-block-group-is-layout-constrained\" style=\"margin-top:0;margin-bottom:0\">\n<div class=\"wp-block-group alignwide has-global-padding is-layout-constrained wp-block-group-is-layout-constrained\">\n<div class=\"wp-block-group alignwide is-layout-flow wp-block-group-is-layout-flow\">\n<p class=\"has-small-font-size\">Twenty Twenty-Five<\/p>\n\n\n\n<p class=\"has-small-font-size\">email@example.com<br>06.39.98.07.38<\/p>\n<\/div>\n<\/div>\n<\/div>\n","protected":false},"excerpt":{"rendered":"<p>Vyrile est un \u00e9diteur de mobilier design, r\u00e9alis\u00e9 \u00e0 la main en France. Nous proposons aussi de l&#8217;\u00e9dition sur mesure Twenty Twenty-Five email@example.com06.39.98.07.38<\/p>\n","protected":false},"author":1,"featured_media":0,"parent":0,"menu_order":0,"comment_status":"closed","ping_status":"closed","template":"","meta":{"footnotes":""},"class_list":["post-39","page","type-page","status-publish","hentry"],"_links":{"self":[{"href":"https:\/\/vyrile.fr\/index.php?rest_route=\/wp\/v2\/pages\/39","targetHints":{"allow":["GET"]}}],"collection":[{"href":"https:\/\/vyrile.fr\/index.php?rest_route=\/wp\/v2\/pages"}],"about":[{"href":"https:\/\/vyrile.fr\/index.php?rest_route=\/wp\/v2\/types\/page"}],"author":[{"embeddable":true,"href":"https:\/\/vyrile.fr\/index.php?rest_route=\/wp\/v2\/users\/1"}],"replies":[{"embeddable":true,"href":"https:\/\/vyrile.fr\/index.php?rest_route=%2Fwp%2Fv2%2Fcomments&post=39"}],"version-history":[{"count":1,"href":"https:\/\/vyrile.fr\/index.php?rest_route=\/wp\/v2\/pages\/39\/revisions"}],"predecessor-version":[{"id":40,"href":"https:\/\/vyrile.fr\/index.php?rest_route=\/wp\/v2\/pages\/39\/revisions\/40"}],"wp:attachment":[{"href":"https:\/\/vyrile.fr\/index.php?rest_route=%2Fwp%2Fv2%2Fmedia&parent=39"}],"curies":[{"name":"wp","href":"https:\/\/api.w.org\/{rel}","templated":true}]}}